{"id":22,"date":"2019-12-05T21:19:28","date_gmt":"2019-12-06T00:19:28","guid":{"rendered":"https:\/\/grupotopredes.com.br\/mg\/?page_id=22"},"modified":"2024-04-25T10:22:07","modified_gmt":"2024-04-25T13:22:07","slug":"contato","status":"publish","type":"page","link":"https:\/\/grupotopredes.com.br\/mg\/?page_id=22","title":{"rendered":"Contato"},"content":{"rendered":"\t\t<div data-elementor-type=\"wp-page\" data-elementor-id=\"22\" class=\"elementor elementor-22\" data-elementor-settings=\"{&quot;element_pack_global_tooltip_width&quot;:{&quot;unit&quot;:&quot;px&quot;,&quot;size&quot;:&quot;&quot;,&quot;sizes&quot;:[]},&quot;element_pack_global_tooltip_width_tablet&quot;:{&quot;unit&quot;:&quot;px&quot;,&quot;size&quot;:&quot;&quot;,&quot;sizes&quot;:[]},&quot;element_pack_global_tooltip_width_mobile&quot;:{&quot;unit&quot;:&quot;px&quot;,&quot;size&quot;:&quot;&quot;,&quot;sizes&quot;:[]},&quot;element_pack_global_tooltip_padding&quot;:{&quot;unit&quot;:&quot;px&quot;,&quot;top&quot;:&quot;&quot;,&quot;right&quot;:&quot;&quot;,&quot;bottom&quot;:&quot;&quot;,&quot;left&quot;:&quot;&quot;,&quot;isLinked&quot;:true},&quot;element_pack_global_tooltip_padding_tablet&quot;:{&quot;unit&quot;:&quot;px&quot;,&quot;top&quot;:&quot;&quot;,&quot;right&quot;:&quot;&quot;,&quot;bottom&quot;:&quot;&quot;,&quot;left&quot;:&quot;&quot;,&quot;isLinked&quot;:true},&quot;element_pack_global_tooltip_padding_mobile&quot;:{&quot;unit&quot;:&quot;px&quot;,&quot;top&quot;:&quot;&quot;,&quot;right&quot;:&quot;&quot;,&quot;bottom&quot;:&quot;&quot;,&quot;left&quot;:&quot;&quot;,&quot;isLinked&quot;:true},&quot;element_pack_global_tooltip_border_radius&quot;:{&quot;unit&quot;:&quot;px&quot;,&quot;top&quot;:&quot;&quot;,&quot;right&quot;:&quot;&quot;,&quot;bottom&quot;:&quot;&quot;,&quot;left&quot;:&quot;&quot;,&quot;isLinked&quot;:true},&quot;element_pack_global_tooltip_border_radius_tablet&quot;:{&quot;unit&quot;:&quot;px&quot;,&quot;top&quot;:&quot;&quot;,&quot;right&quot;:&quot;&quot;,&quot;bottom&quot;:&quot;&quot;,&quot;left&quot;:&quot;&quot;,&quot;isLinked&quot;:true},&quot;element_pack_global_tooltip_border_radius_mobile&quot;:{&quot;unit&quot;:&quot;px&quot;,&quot;top&quot;:&quot;&quot;,&quot;right&quot;:&quot;&quot;,&quot;bottom&quot;:&quot;&quot;,&quot;left&quot;:&quot;&quot;,&quot;isLinked&quot;:true}}\" data-elementor-post-type=\"page\">\n\t\t\t\t\t\t<section class=\"elementor-section elementor-top-section elementor-element elementor-element-5654d56 elementor-section-full_width elementor-section-height-default elementor-section-height-default\" data-id=\"5654d56\" data-element_type=\"section\" data-settings=\"{&quot;background_background&quot;:&quot;classic&quot;}\">\n\t\t\t\t\t\t\t<div class=\"elementor-background-overlay\"><\/div>\n\t\t\t\t\t\t\t<div class=\"elementor-container elementor-column-gap-no\">\n\t\t\t\t\t<div class=\"elementor-column elementor-col-100 elementor-top-column elementor-element elementor-element-88e146c\" data-id=\"88e146c\" data-element_type=\"column\">\n\t\t\t<div class=\"elementor-widget-wrap elementor-element-populated\">\n\t\t\t\t\t\t<div class=\"elementor-element elementor-element-a38a4de elementor-widget elementor-widget-heading\" data-id=\"a38a4de\" data-element_type=\"widget\" data-widget_type=\"heading.default\">\n\t\t\t\t<div class=\"elementor-widget-container\">\n\t\t\t<h2 class=\"elementor-heading-title elementor-size-default\">Entre em contato conosco<\/h2>\t\t<\/div>\n\t\t\t\t<\/div>\n\t\t\t\t<div class=\"elementor-element elementor-element-d7255c2 elementor-widget elementor-widget-image\" data-id=\"d7255c2\" data-element_type=\"widget\" data-widget_type=\"image.default\">\n\t\t\t\t<div class=\"elementor-widget-container\">\n\t\t\t\t\t\t\t\t\t\t\t\t\t\t<a href=\"https:\/\/api.whatsapp.com\/send\/?phone=5531982493277&#038;text=Gostaria+de+mais+informa%C3%A7%C3%B5es&#038;type=phone_number&#038;app_absent=0\">\n\t\t\t\t\t\t\t<img fetchpriority=\"high\" decoding=\"async\" width=\"435\" height=\"135\" src=\"https:\/\/grupotopredes.com.br\/mg\/wp-content\/uploads\/2022\/10\/whatsApp-atendimento-site.png\" class=\"attachment-large size-large wp-image-2460\" alt=\"\" srcset=\"https:\/\/grupotopredes.com.br\/mg\/wp-content\/uploads\/2022\/10\/whatsApp-atendimento-site.png 435w, https:\/\/grupotopredes.com.br\/mg\/wp-content\/uploads\/2022\/10\/whatsApp-atendimento-site-300x93.png 300w\" sizes=\"(max-width: 435px) 100vw, 435px\" \/>\t\t\t\t\t\t\t\t<\/a>\n\t\t\t\t\t\t\t\t\t\t\t\t\t<\/div>\n\t\t\t\t<\/div>\n\t\t\t\t\t<\/div>\n\t\t<\/div>\n\t\t\t\t\t<\/div>\n\t\t<\/section>\n\t\t\t\t<section class=\"elementor-section elementor-top-section elementor-element elementor-element-e4741dc elementor-section-boxed elementor-section-height-default elementor-section-height-default\" data-id=\"e4741dc\" data-element_type=\"section\" data-settings=\"{&quot;background_background&quot;:&quot;classic&quot;}\">\n\t\t\t\t\t\t<div class=\"elementor-container elementor-column-gap-default\">\n\t\t\t\t\t<div class=\"elementor-column elementor-col-50 elementor-top-column elementor-element elementor-element-6288704\" data-id=\"6288704\" data-element_type=\"column\">\n\t\t\t<div class=\"elementor-widget-wrap elementor-element-populated\">\n\t\t\t\t\t\t<div class=\"elementor-element elementor-element-8312ab7 elementor-widget elementor-widget-heading\" data-id=\"8312ab7\" data-element_type=\"widget\" data-widget_type=\"heading.default\">\n\t\t\t\t<div class=\"elementor-widget-container\">\n\t\t\t<h2 class=\"elementor-heading-title elementor-size-default\">Filial Rio de Janeiro<\/h2>\t\t<\/div>\n\t\t\t\t<\/div>\n\t\t\t\t<div class=\"elementor-element elementor-element-490bf00 elementor-align-left elementor-icon-list--layout-traditional elementor-list-item-link-full_width elementor-widget elementor-widget-icon-list\" data-id=\"490bf00\" data-element_type=\"widget\" data-widget_type=\"icon-list.default\">\n\t\t\t\t<div class=\"elementor-widget-container\">\n\t\t\t\t\t<ul class=\"elementor-icon-list-items\">\n\t\t\t\t\t\t\t<li class=\"elementor-icon-list-item\">\n\t\t\t\t\t\t\t\t\t\t\t<a href=\"https:\/\/api.whatsapp.com\/send\/?phone=5531982493277&#038;text=Gostaria+de+mais+informa%C3%A7%C3%B5es&#038;type=phone_number&#038;app_absent=0\">\n\n\t\t\t\t\t\t\t\t\t\t\t\t<span class=\"elementor-icon-list-icon\">\n\t\t\t\t\t\t\t<i aria-hidden=\"true\" class=\"fab fa-whatsapp\"><\/i>\t\t\t\t\t\t<\/span>\n\t\t\t\t\t\t\t\t\t\t<span class=\"elementor-icon-list-text\">(31) 98249-3277<\/span>\n\t\t\t\t\t\t\t\t\t\t\t<\/a>\n\t\t\t\t\t\t\t\t\t<\/li>\n\t\t\t\t\t\t\t\t<li class=\"elementor-icon-list-item\">\n\t\t\t\t\t\t\t\t\t\t\t<span class=\"elementor-icon-list-icon\">\n\t\t\t\t\t\t\t<i aria-hidden=\"true\" class=\"far fa-envelope\"><\/i>\t\t\t\t\t\t<\/span>\n\t\t\t\t\t\t\t\t\t\t<span class=\"elementor-icon-list-text\">contato@grupotopredes.com.br<\/span>\n\t\t\t\t\t\t\t\t\t<\/li>\n\t\t\t\t\t\t\t\t<li class=\"elementor-icon-list-item\">\n\t\t\t\t\t\t\t\t\t\t\t<span class=\"elementor-icon-list-icon\">\n\t\t\t\t\t\t\t<i aria-hidden=\"true\" class=\"far fa-clock\"><\/i>\t\t\t\t\t\t<\/span>\n\t\t\t\t\t\t\t\t\t\t<span class=\"elementor-icon-list-text\">Segunda - Sexta: 8h \u00e0s 18h  S\u00e1bado: 8h \u00e0s 12h<\/span>\n\t\t\t\t\t\t\t\t\t<\/li>\n\t\t\t\t\t\t\t\t<li class=\"elementor-icon-list-item\">\n\t\t\t\t\t\t\t\t\t\t\t<span class=\"elementor-icon-list-icon\">\n\t\t\t\t\t\t\t<i aria-hidden=\"true\" class=\"fas fa-map-marker-alt\"><\/i>\t\t\t\t\t\t<\/span>\n\t\t\t\t\t\t\t\t\t\t<span class=\"elementor-icon-list-text\">R. Di\u00f3genes, 147 - Curicica, Rio de Janeiro - RJ, 22780-720<\/span>\n\t\t\t\t\t\t\t\t\t<\/li>\n\t\t\t\t\t\t<\/ul>\n\t\t\t\t<\/div>\n\t\t\t\t<\/div>\n\t\t\t\t<div class=\"elementor-element elementor-element-06651de elementor-widget elementor-widget-google_maps\" data-id=\"06651de\" data-element_type=\"widget\" data-widget_type=\"google_maps.default\">\n\t\t\t\t<div class=\"elementor-widget-container\">\n\t\t\t\t\t<div class=\"elementor-custom-embed\">\n\t\t\t<iframe loading=\"lazy\"\n\t\t\t\t\tsrc=\"https:\/\/maps.google.com\/maps?q=R.%20Di%C3%B3genes%2C%20147%20-%20Curicica%2C%20Rio%20de%20Janeiro%20-%20RJ%2C%2022780-720&#038;t=m&#038;z=14&#038;output=embed&#038;iwloc=near\"\n\t\t\t\t\ttitle=\"R. Di\u00f3genes, 147 - Curicica, Rio de Janeiro - RJ, 22780-720\"\n\t\t\t\t\taria-label=\"R. Di\u00f3genes, 147 - Curicica, Rio de Janeiro - RJ, 22780-720\"\n\t\t\t><\/iframe>\n\t\t<\/div>\n\t\t\t\t<\/div>\n\t\t\t\t<\/div>\n\t\t\t\t\t<\/div>\n\t\t<\/div>\n\t\t\t\t<div class=\"elementor-column elementor-col-50 elementor-top-column elementor-element elementor-element-8c0bcf6\" data-id=\"8c0bcf6\" data-element_type=\"column\">\n\t\t\t<div class=\"elementor-widget-wrap elementor-element-populated\">\n\t\t\t\t\t\t<div class=\"elementor-element elementor-element-40416ab elementor-widget elementor-widget-heading\" data-id=\"40416ab\" data-element_type=\"widget\" data-widget_type=\"heading.default\">\n\t\t\t\t<div class=\"elementor-widget-container\">\n\t\t\t<h2 class=\"elementor-heading-title elementor-size-default\">Filial Minas Gerais<\/h2>\t\t<\/div>\n\t\t\t\t<\/div>\n\t\t\t\t<div class=\"elementor-element elementor-element-73fbc77 elementor-align-left elementor-icon-list--layout-traditional elementor-list-item-link-full_width elementor-widget elementor-widget-icon-list\" data-id=\"73fbc77\" data-element_type=\"widget\" data-widget_type=\"icon-list.default\">\n\t\t\t\t<div class=\"elementor-widget-container\">\n\t\t\t\t\t<ul class=\"elementor-icon-list-items\">\n\t\t\t\t\t\t\t<li class=\"elementor-icon-list-item\">\n\t\t\t\t\t\t\t\t\t\t\t<span class=\"elementor-icon-list-icon\">\n\t\t\t\t\t\t\t<i aria-hidden=\"true\" class=\"fab fa-whatsapp\"><\/i>\t\t\t\t\t\t<\/span>\n\t\t\t\t\t\t\t\t\t\t<span class=\"elementor-icon-list-text\"><\/span>\n\t\t\t\t\t\t\t\t\t<\/li>\n\t\t\t\t\t\t\t\t<li class=\"elementor-icon-list-item\">\n\t\t\t\t\t\t\t\t\t\t\t<span class=\"elementor-icon-list-icon\">\n\t\t\t\t\t\t\t<i aria-hidden=\"true\" class=\"far fa-envelope\"><\/i>\t\t\t\t\t\t<\/span>\n\t\t\t\t\t\t\t\t\t\t<span class=\"elementor-icon-list-text\">contato@grupotopredes.com.br<\/span>\n\t\t\t\t\t\t\t\t\t<\/li>\n\t\t\t\t\t\t\t\t<li class=\"elementor-icon-list-item\">\n\t\t\t\t\t\t\t\t\t\t\t<span class=\"elementor-icon-list-icon\">\n\t\t\t\t\t\t\t<i aria-hidden=\"true\" class=\"far fa-clock\"><\/i>\t\t\t\t\t\t<\/span>\n\t\t\t\t\t\t\t\t\t\t<span class=\"elementor-icon-list-text\">Segunda - Sexta: 8h \u00e0s 18h  S\u00e1bado: 8h \u00e0s 12h<\/span>\n\t\t\t\t\t\t\t\t\t<\/li>\n\t\t\t\t\t\t\t\t<li class=\"elementor-icon-list-item\">\n\t\t\t\t\t\t\t\t\t\t\t<span class=\"elementor-icon-list-icon\">\n\t\t\t\t\t\t\t<i aria-hidden=\"true\" class=\"fas fa-map-marker-alt\"><\/i>\t\t\t\t\t\t<\/span>\n\t\t\t\t\t\t\t\t\t\t<span class=\"elementor-icon-list-text\">R. Mariano Proc\u00f3pio,  731, Jo\u00e3o Pinheiro, 30530-290 - Belo Horizonte-MG<\/span>\n\t\t\t\t\t\t\t\t\t<\/li>\n\t\t\t\t\t\t<\/ul>\n\t\t\t\t<\/div>\n\t\t\t\t<\/div>\n\t\t\t\t<div class=\"elementor-element elementor-element-21a5de2 elementor-widget elementor-widget-google_maps\" data-id=\"21a5de2\" data-element_type=\"widget\" data-widget_type=\"google_maps.default\">\n\t\t\t\t<div class=\"elementor-widget-container\">\n\t\t\t\t\t<div class=\"elementor-custom-embed\">\n\t\t\t<iframe loading=\"lazy\"\n\t\t\t\t\tsrc=\"https:\/\/maps.google.com\/maps?q=R.%20Mariano%20Proc%C3%B3pio%2C%20%20731%2C%20Jo%C3%A3o%20Pinheiro%2C%2030530-290%20-%20Belo%20Horizonte-MG&#038;t=m&#038;z=14&#038;output=embed&#038;iwloc=near\"\n\t\t\t\t\ttitle=\"R. Mariano Proc\u00f3pio,  731, Jo\u00e3o Pinheiro, 30530-290 - Belo Horizonte-MG\"\n\t\t\t\t\taria-label=\"R. Mariano Proc\u00f3pio,  731, Jo\u00e3o Pinheiro, 30530-290 - Belo Horizonte-MG\"\n\t\t\t><\/iframe>\n\t\t<\/div>\n\t\t\t\t<\/div>\n\t\t\t\t<\/div>\n\t\t\t\t\t<\/div>\n\t\t<\/div>\n\t\t\t\t\t<\/div>\n\t\t<\/section>\n\t\t\t\t<\/div>\n\t\t","protected":false},"excerpt":{"rendered":"<p>Entre em contato conosco Filial Rio de Janeiro Filial Minas Gerais<\/p>\n","protected":false},"author":1,"featured_media":0,"parent":0,"menu_order":0,"comment_status":"closed","ping_status":"closed","template":"elementor_header_footer","meta":{"_joinchat":[],"footnotes":""},"class_list":["post-22","page","type-page","status-publish","hentry"],"yoast_head":"<!-- This site is optimized with the Yoast SEO plugin v27.4 - https:\/\/yoast.com\/product\/yoast-seo-wordpress\/ -->\n<title>Contato - LLS GRUPO TOP SERVI\u00c7OS<\/title>\n<meta name=\"robots\" content=\"index, follow, max-snippet:-1, max-image-preview:large, max-video-preview:-1\" \/>\n<link rel=\"canonical\" href=\"https:\/\/grupotopredes.com.br\/mg\/?page_id=22\" \/>\n<meta property=\"og:locale\" content=\"pt_BR\" \/>\n<meta property=\"og:type\" content=\"article\" \/>\n<meta property=\"og:title\" content=\"Contato - LLS GRUPO TOP SERVI\u00c7OS\" \/>\n<meta property=\"og:description\" content=\"Entre em contato conosco Filial Rio de Janeiro Filial Minas Gerais\" \/>\n<meta property=\"og:url\" content=\"https:\/\/grupotopredes.com.br\/mg\/?page_id=22\" \/>\n<meta property=\"og:site_name\" content=\"LLS GRUPO TOP SERVI\u00c7OS\" \/>\n<meta property=\"article:modified_time\" content=\"2024-04-25T13:22:07+00:00\" \/>\n<meta property=\"og:image\" content=\"https:\/\/grupotopredes.com.br\/mg\/wp-content\/uploads\/2022\/10\/whatsApp-atendimento-site.png\" \/>\n<meta name=\"twitter:card\" content=\"summary_large_image\" \/>\n<meta name=\"twitter:label1\" content=\"Est. tempo de leitura\" \/>\n\t<meta name=\"twitter:data1\" content=\"1 minuto\" \/>\n<script type=\"application\/ld+json\" class=\"yoast-schema-graph\">{\"@context\":\"https:\\\/\\\/schema.org\",\"@graph\":[{\"@type\":\"WebPage\",\"@id\":\"https:\\\/\\\/grupotopredes.com.br\\\/mg\\\/?page_id=22\",\"url\":\"https:\\\/\\\/grupotopredes.com.br\\\/mg\\\/?page_id=22\",\"name\":\"Contato - LLS GRUPO TOP SERVI\u00c7OS\",\"isPartOf\":{\"@id\":\"https:\\\/\\\/grupotopredes.com.br\\\/mg\\\/#website\"},\"primaryImageOfPage\":{\"@id\":\"https:\\\/\\\/grupotopredes.com.br\\\/mg\\\/?page_id=22#primaryimage\"},\"image\":{\"@id\":\"https:\\\/\\\/grupotopredes.com.br\\\/mg\\\/?page_id=22#primaryimage\"},\"thumbnailUrl\":\"https:\\\/\\\/grupotopredes.com.br\\\/mg\\\/wp-content\\\/uploads\\\/2022\\\/10\\\/whatsApp-atendimento-site.png\",\"datePublished\":\"2019-12-06T00:19:28+00:00\",\"dateModified\":\"2024-04-25T13:22:07+00:00\",\"breadcrumb\":{\"@id\":\"https:\\\/\\\/grupotopredes.com.br\\\/mg\\\/?page_id=22#breadcrumb\"},\"inLanguage\":\"pt-BR\",\"potentialAction\":[{\"@type\":\"ReadAction\",\"target\":[\"https:\\\/\\\/grupotopredes.com.br\\\/mg\\\/?page_id=22\"]}]},{\"@type\":\"ImageObject\",\"inLanguage\":\"pt-BR\",\"@id\":\"https:\\\/\\\/grupotopredes.com.br\\\/mg\\\/?page_id=22#primaryimage\",\"url\":\"https:\\\/\\\/grupotopredes.com.br\\\/mg\\\/wp-content\\\/uploads\\\/2022\\\/10\\\/whatsApp-atendimento-site.png\",\"contentUrl\":\"https:\\\/\\\/grupotopredes.com.br\\\/mg\\\/wp-content\\\/uploads\\\/2022\\\/10\\\/whatsApp-atendimento-site.png\",\"width\":435,\"height\":135},{\"@type\":\"BreadcrumbList\",\"@id\":\"https:\\\/\\\/grupotopredes.com.br\\\/mg\\\/?page_id=22#breadcrumb\",\"itemListElement\":[{\"@type\":\"ListItem\",\"position\":1,\"name\":\"In\u00edcio\",\"item\":\"https:\\\/\\\/grupotopredes.com.br\\\/mg\\\/\"},{\"@type\":\"ListItem\",\"position\":2,\"name\":\"Contato\"}]},{\"@type\":\"WebSite\",\"@id\":\"https:\\\/\\\/grupotopredes.com.br\\\/mg\\\/#website\",\"url\":\"https:\\\/\\\/grupotopredes.com.br\\\/mg\\\/\",\"name\":\"LLS GRUPO TOP SERVI\u00c7OS\",\"description\":\"Redes de Prote\u00e7\u00e3o, Tela Mosquiteiro e Concertinas\",\"potentialAction\":[{\"@type\":\"SearchAction\",\"target\":{\"@type\":\"EntryPoint\",\"urlTemplate\":\"https:\\\/\\\/grupotopredes.com.br\\\/mg\\\/?s={search_term_string}\"},\"query-input\":{\"@type\":\"PropertyValueSpecification\",\"valueRequired\":true,\"valueName\":\"search_term_string\"}}],\"inLanguage\":\"pt-BR\"}]}<\/script>\n<!-- \/ Yoast SEO plugin. -->","yoast_head_json":{"title":"Contato - LLS GRUPO TOP SERVI\u00c7OS","robots":{"index":"index","follow":"follow","max-snippet":"max-snippet:-1","max-image-preview":"max-image-preview:large","max-video-preview":"max-video-preview:-1"},"canonical":"https:\/\/grupotopredes.com.br\/mg\/?page_id=22","og_locale":"pt_BR","og_type":"article","og_title":"Contato - LLS GRUPO TOP SERVI\u00c7OS","og_description":"Entre em contato conosco Filial Rio de Janeiro Filial Minas Gerais","og_url":"https:\/\/grupotopredes.com.br\/mg\/?page_id=22","og_site_name":"LLS GRUPO TOP SERVI\u00c7OS","article_modified_time":"2024-04-25T13:22:07+00:00","og_image":[{"url":"https:\/\/grupotopredes.com.br\/mg\/wp-content\/uploads\/2022\/10\/whatsApp-atendimento-site.png","type":"","width":"","height":""}],"twitter_card":"summary_large_image","twitter_misc":{"Est. tempo de leitura":"1 minuto"},"schema":{"@context":"https:\/\/schema.org","@graph":[{"@type":"WebPage","@id":"https:\/\/grupotopredes.com.br\/mg\/?page_id=22","url":"https:\/\/grupotopredes.com.br\/mg\/?page_id=22","name":"Contato - LLS GRUPO TOP SERVI\u00c7OS","isPartOf":{"@id":"https:\/\/grupotopredes.com.br\/mg\/#website"},"primaryImageOfPage":{"@id":"https:\/\/grupotopredes.com.br\/mg\/?page_id=22#primaryimage"},"image":{"@id":"https:\/\/grupotopredes.com.br\/mg\/?page_id=22#primaryimage"},"thumbnailUrl":"https:\/\/grupotopredes.com.br\/mg\/wp-content\/uploads\/2022\/10\/whatsApp-atendimento-site.png","datePublished":"2019-12-06T00:19:28+00:00","dateModified":"2024-04-25T13:22:07+00:00","breadcrumb":{"@id":"https:\/\/grupotopredes.com.br\/mg\/?page_id=22#breadcrumb"},"inLanguage":"pt-BR","potentialAction":[{"@type":"ReadAction","target":["https:\/\/grupotopredes.com.br\/mg\/?page_id=22"]}]},{"@type":"ImageObject","inLanguage":"pt-BR","@id":"https:\/\/grupotopredes.com.br\/mg\/?page_id=22#primaryimage","url":"https:\/\/grupotopredes.com.br\/mg\/wp-content\/uploads\/2022\/10\/whatsApp-atendimento-site.png","contentUrl":"https:\/\/grupotopredes.com.br\/mg\/wp-content\/uploads\/2022\/10\/whatsApp-atendimento-site.png","width":435,"height":135},{"@type":"BreadcrumbList","@id":"https:\/\/grupotopredes.com.br\/mg\/?page_id=22#breadcrumb","itemListElement":[{"@type":"ListItem","position":1,"name":"In\u00edcio","item":"https:\/\/grupotopredes.com.br\/mg\/"},{"@type":"ListItem","position":2,"name":"Contato"}]},{"@type":"WebSite","@id":"https:\/\/grupotopredes.com.br\/mg\/#website","url":"https:\/\/grupotopredes.com.br\/mg\/","name":"LLS GRUPO TOP SERVI\u00c7OS","description":"Redes de Prote\u00e7\u00e3o, Tela Mosquiteiro e Concertinas","potentialAction":[{"@type":"SearchAction","target":{"@type":"EntryPoint","urlTemplate":"https:\/\/grupotopredes.com.br\/mg\/?s={search_term_string}"},"query-input":{"@type":"PropertyValueSpecification","valueRequired":true,"valueName":"search_term_string"}}],"inLanguage":"pt-BR"}]}},"_links":{"self":[{"href":"https:\/\/grupotopredes.com.br\/mg\/index.php?rest_route=\/wp\/v2\/pages\/22","targetHints":{"allow":["GET"]}}],"collection":[{"href":"https:\/\/grupotopredes.com.br\/mg\/index.php?rest_route=\/wp\/v2\/pages"}],"about":[{"href":"https:\/\/grupotopredes.com.br\/mg\/index.php?rest_route=\/wp\/v2\/types\/page"}],"author":[{"embeddable":true,"href":"https:\/\/grupotopredes.com.br\/mg\/index.php?rest_route=\/wp\/v2\/users\/1"}],"replies":[{"embeddable":true,"href":"https:\/\/grupotopredes.com.br\/mg\/index.php?rest_route=%2Fwp%2Fv2%2Fcomments&post=22"}],"version-history":[{"count":119,"href":"https:\/\/grupotopredes.com.br\/mg\/index.php?rest_route=\/wp\/v2\/pages\/22\/revisions"}],"predecessor-version":[{"id":6123,"href":"https:\/\/grupotopredes.com.br\/mg\/index.php?rest_route=\/wp\/v2\/pages\/22\/revisions\/6123"}],"wp:attachment":[{"href":"https:\/\/grupotopredes.com.br\/mg\/index.php?rest_route=%2Fwp%2Fv2%2Fmedia&parent=22"}],"curies":[{"name":"wp","href":"https:\/\/api.w.org\/{rel}","templated":true}]}}