{"id":24,"date":"2019-12-05T21:19:41","date_gmt":"2019-12-06T00:19:41","guid":{"rendered":"https:\/\/grupotopredes.com.br\/mg\/?page_id=24"},"modified":"2024-03-25T11:17:06","modified_gmt":"2024-03-25T14:17:06","slug":"quem-somos","status":"publish","type":"page","link":"https:\/\/grupotopredes.com.br\/mg\/?page_id=24","title":{"rendered":"Quem Somos"},"content":{"rendered":"\t\t<div data-elementor-type=\"wp-page\" data-elementor-id=\"24\" class=\"elementor elementor-24\" data-elementor-settings=\"{&quot;element_pack_global_tooltip_width&quot;:{&quot;unit&quot;:&quot;px&quot;,&quot;size&quot;:&quot;&quot;,&quot;sizes&quot;:[]},&quot;element_pack_global_tooltip_width_tablet&quot;:{&quot;unit&quot;:&quot;px&quot;,&quot;size&quot;:&quot;&quot;,&quot;sizes&quot;:[]},&quot;element_pack_global_tooltip_width_mobile&quot;:{&quot;unit&quot;:&quot;px&quot;,&quot;size&quot;:&quot;&quot;,&quot;sizes&quot;:[]},&quot;element_pack_global_tooltip_padding&quot;:{&quot;unit&quot;:&quot;px&quot;,&quot;top&quot;:&quot;&quot;,&quot;right&quot;:&quot;&quot;,&quot;bottom&quot;:&quot;&quot;,&quot;left&quot;:&quot;&quot;,&quot;isLinked&quot;:true},&quot;element_pack_global_tooltip_padding_tablet&quot;:{&quot;unit&quot;:&quot;px&quot;,&quot;top&quot;:&quot;&quot;,&quot;right&quot;:&quot;&quot;,&quot;bottom&quot;:&quot;&quot;,&quot;left&quot;:&quot;&quot;,&quot;isLinked&quot;:true},&quot;element_pack_global_tooltip_padding_mobile&quot;:{&quot;unit&quot;:&quot;px&quot;,&quot;top&quot;:&quot;&quot;,&quot;right&quot;:&quot;&quot;,&quot;bottom&quot;:&quot;&quot;,&quot;left&quot;:&quot;&quot;,&quot;isLinked&quot;:true},&quot;element_pack_global_tooltip_border_radius&quot;:{&quot;unit&quot;:&quot;px&quot;,&quot;top&quot;:&quot;&quot;,&quot;right&quot;:&quot;&quot;,&quot;bottom&quot;:&quot;&quot;,&quot;left&quot;:&quot;&quot;,&quot;isLinked&quot;:true},&quot;element_pack_global_tooltip_border_radius_tablet&quot;:{&quot;unit&quot;:&quot;px&quot;,&quot;top&quot;:&quot;&quot;,&quot;right&quot;:&quot;&quot;,&quot;bottom&quot;:&quot;&quot;,&quot;left&quot;:&quot;&quot;,&quot;isLinked&quot;:true},&quot;element_pack_global_tooltip_border_radius_mobile&quot;:{&quot;unit&quot;:&quot;px&quot;,&quot;top&quot;:&quot;&quot;,&quot;right&quot;:&quot;&quot;,&quot;bottom&quot;:&quot;&quot;,&quot;left&quot;:&quot;&quot;,&quot;isLinked&quot;:true}}\" data-elementor-post-type=\"page\">\n\t\t\t\t\t\t<section class=\"elementor-section elementor-top-section elementor-element elementor-element-8ae62a3 elementor-section-boxed elementor-section-height-default elementor-section-height-default\" data-id=\"8ae62a3\" data-element_type=\"section\" data-settings=\"{&quot;background_background&quot;:&quot;classic&quot;}\">\n\t\t\t\t\t\t<div class=\"elementor-container elementor-column-gap-wider\">\n\t\t\t\t\t<div class=\"elementor-column elementor-col-100 elementor-top-column elementor-element elementor-element-5be8135\" data-id=\"5be8135\" data-element_type=\"column\">\n\t\t\t<div class=\"elementor-widget-wrap elementor-element-populated\">\n\t\t\t\t\t\t<section class=\"elementor-section elementor-inner-section elementor-element elementor-element-5632640e elementor-section-boxed elementor-section-height-default elementor-section-height-default\" data-id=\"5632640e\" data-element_type=\"section\">\n\t\t\t\t\t\t<div class=\"elementor-container elementor-column-gap-default\">\n\t\t\t\t\t<div class=\"elementor-column elementor-col-100 elementor-inner-column elementor-element elementor-element-7d4ab959\" data-id=\"7d4ab959\" data-element_type=\"column\">\n\t\t\t<div class=\"elementor-widget-wrap elementor-element-populated\">\n\t\t\t\t\t\t<div class=\"elementor-element elementor-element-5d14ac9 elementor-widget elementor-widget-bdt-advanced-heading\" data-id=\"5d14ac9\" data-element_type=\"widget\" data-widget_type=\"bdt-advanced-heading.default\">\n\t\t\t\t<div class=\"elementor-widget-container\">\n\t\t\t<div id =\"5d14ac9\" class=\"bdt-ep-advanced-heading\" data-settings=\"{&quot;titleMultiColor&quot;:&quot;no&quot;}\">\t\t\t<div class=\"bdt-ep-advanced-heading-sub-title\">\n\t\t\t\t<div class=\"bdt-ep-advanced-heading-sub-title-content\">\n\t\t\t\t\t\t\t\t\t\tNossa Miss\u00e3o \u00e9 proporcionar um servi\u00e7o de qualidade aos nossos clientes.\t\t\t\t\t\t\t\t\t<\/div>\n\t\t\t\t\t\t\t<\/div>\n\t\t\t<h2 class=\"bdt-ep-advanced-heading-title\"><span class=\"bdt-ep-advanced-heading-main-title\"><span class=\"bdt-ep-advanced-heading-main-title-inner\">Conhe\u00e7a um pouco mais sobre nos <\/span><\/span><\/h2><\/div>\t\t<\/div>\n\t\t\t\t<\/div>\n\t\t\t\t\t<\/div>\n\t\t<\/div>\n\t\t\t\t\t<\/div>\n\t\t<\/section>\n\t\t\t\t\t<\/div>\n\t\t<\/div>\n\t\t\t\t\t<\/div>\n\t\t<\/section>\n\t\t\t\t<section class=\"elementor-section elementor-top-section elementor-element elementor-element-01ac201 elementor-section-full_width elementor-section-height-default elementor-section-height-default\" data-id=\"01ac201\" data-element_type=\"section\">\n\t\t\t\t\t\t<div class=\"elementor-container elementor-column-gap-default\">\n\t\t\t\t\t<div class=\"elementor-column elementor-col-50 elementor-top-column elementor-element elementor-element-f9e7e3b\" data-id=\"f9e7e3b\" data-element_type=\"column\" data-settings=\"{&quot;background_background&quot;:&quot;classic&quot;}\">\n\t\t\t<div class=\"elementor-widget-wrap elementor-element-populated\">\n\t\t\t\t\t\t<div class=\"elementor-element elementor-element-845026f elementor-widget elementor-widget-heading\" data-id=\"845026f\" data-element_type=\"widget\" data-widget_type=\"heading.default\">\n\t\t\t\t<div class=\"elementor-widget-container\">\n\t\t\t<h2 class=\"elementor-heading-title elementor-size-default\">Conhe\u00e7a o LLS Grupo Top Servi\u00e7os<\/h2>\t\t<\/div>\n\t\t\t\t<\/div>\n\t\t\t\t<div class=\"elementor-element elementor-element-5cf0084 elementor-widget-divider--view-line elementor-widget elementor-widget-divider\" data-id=\"5cf0084\" data-element_type=\"widget\" data-widget_type=\"divider.default\">\n\t\t\t\t<div class=\"elementor-widget-container\">\n\t\t\t\t\t<div class=\"elementor-divider\">\n\t\t\t<span class=\"elementor-divider-separator\">\n\t\t\t\t\t\t<\/span>\n\t\t<\/div>\n\t\t\t\t<\/div>\n\t\t\t\t<\/div>\n\t\t\t\t<div class=\"elementor-element elementor-element-cabed62 elementor-widget elementor-widget-text-editor\" data-id=\"cabed62\" data-element_type=\"widget\" data-widget_type=\"text-editor.default\">\n\t\t\t\t<div class=\"elementor-widget-container\">\n\t\t\t\t\t\t\t<p>No LLS Grupo Top Servi\u00e7os, somos especialistas em prote\u00e7\u00e3o e seguran\u00e7a para resid\u00eancias, empresas e condom\u00ednios. Oferecemos servi\u00e7os de instala\u00e7\u00e3o e manuten\u00e7\u00e3o de Redes de Prote\u00e7\u00e3o, Telas Mosquiteiras e Concertinas, proporcionando tranquilidade e conforto para voc\u00ea e sua fam\u00edlia. Nossa equipe altamente qualificada e comprometida garante resultados de excel\u00eancia em cada projeto, utilizando materiais de alta qualidade e t\u00e9cnicas modernas.<\/p>\t\t\t\t\t\t<\/div>\n\t\t\t\t<\/div>\n\t\t\t\t<div class=\"elementor-element elementor-element-b5dd344 elementor-widget elementor-widget-button\" data-id=\"b5dd344\" data-element_type=\"widget\" data-widget_type=\"button.default\">\n\t\t\t\t<div class=\"elementor-widget-container\">\n\t\t\t\t\t<div class=\"elementor-button-wrapper\">\n\t\t\t<a class=\"elementor-button elementor-button-link elementor-size-md elementor-animation-grow\" href=\"https:\/\/api.whatsapp.com\/send\/?phone=5531982493277&#038;text=Gostaria+de+mais+informa%C3%A7%C3%B5es&#038;type=phone_number&#038;app_absent=0\" target=\"_blank\">\n\t\t\t\t\t\t<span class=\"elementor-button-content-wrapper\">\n\t\t\t\t\t\t<span class=\"elementor-button-icon elementor-align-icon-left\">\n\t\t\t\t<i aria-hidden=\"true\" class=\"fab fa-whatsapp\"><\/i>\t\t\t<\/span>\n\t\t\t\t\t\t\t\t\t<span class=\"elementor-button-text\">Or\u00e7amento sem Compromisso<\/span>\n\t\t\t\t\t<\/span>\n\t\t\t\t\t<\/a>\n\t\t<\/div>\n\t\t\t\t<\/div>\n\t\t\t\t<\/div>\n\t\t\t\t\t<\/div>\n\t\t<\/div>\n\t\t\t\t<div class=\"elementor-column elementor-col-50 elementor-top-column elementor-element elementor-element-c25f717\" data-id=\"c25f717\" data-element_type=\"column\" data-settings=\"{&quot;background_background&quot;:&quot;classic&quot;}\">\n\t\t\t<div class=\"elementor-widget-wrap elementor-element-populated\">\n\t\t\t\t\t\t<div class=\"elementor-element elementor-element-404fae6 elementor-widget elementor-widget-spacer\" data-id=\"404fae6\" data-element_type=\"widget\" data-widget_type=\"spacer.default\">\n\t\t\t\t<div class=\"elementor-widget-container\">\n\t\t\t\t\t<div class=\"elementor-spacer\">\n\t\t\t<div class=\"elementor-spacer-inner\"><\/div>\n\t\t<\/div>\n\t\t\t\t<\/div>\n\t\t\t\t<\/div>\n\t\t\t\t\t<\/div>\n\t\t<\/div>\n\t\t\t\t\t<\/div>\n\t\t<\/section>\n\t\t\t\t<\/div>\n\t\t","protected":false},"excerpt":{"rendered":"<p>Nossa Miss\u00e3o \u00e9 proporcionar um servi\u00e7o de qualidade aos nossos clientes. Conhe\u00e7a um pouco mais sobre nos Conhe\u00e7a o LLS Grupo Top Servi\u00e7os No LLS Grupo Top Servi\u00e7os, somos especialistas em prote\u00e7\u00e3o e seguran\u00e7a para resid\u00eancias, empresas e condom\u00ednios. Oferecemos servi\u00e7os de instala\u00e7\u00e3o e manuten\u00e7\u00e3o de Redes de Prote\u00e7\u00e3o, Telas Mosquiteiras e Concertinas, proporcionando tranquilidade [&hellip;]<\/p>\n","protected":false},"author":1,"featured_media":797,"parent":0,"menu_order":0,"comment_status":"closed","ping_status":"closed","template":"elementor_header_footer","meta":{"_joinchat":[],"footnotes":""},"class_list":["post-24","page","type-page","status-publish","has-post-thumbnail","hentry"],"yoast_head":"<!-- This site is optimized with the Yoast SEO plugin v27.4 - https:\/\/yoast.com\/product\/yoast-seo-wordpress\/ -->\n<title>Quem Somos - LLS GRUPO TOP SERVI\u00c7OS<\/title>\n<meta name=\"robots\" content=\"index, follow, max-snippet:-1, max-image-preview:large, max-video-preview:-1\" \/>\n<link rel=\"canonical\" href=\"https:\/\/grupotopredes.com.br\/mg\/?page_id=24\" \/>\n<meta property=\"og:locale\" content=\"pt_BR\" \/>\n<meta property=\"og:type\" content=\"article\" \/>\n<meta property=\"og:title\" content=\"Quem Somos - LLS GRUPO TOP SERVI\u00c7OS\" \/>\n<meta property=\"og:description\" content=\"Nossa Miss\u00e3o \u00e9 proporcionar um servi\u00e7o de qualidade aos nossos clientes. Conhe\u00e7a um pouco mais sobre nos Conhe\u00e7a o LLS Grupo Top Servi\u00e7os No LLS Grupo Top Servi\u00e7os, somos especialistas em prote\u00e7\u00e3o e seguran\u00e7a para resid\u00eancias, empresas e condom\u00ednios. Oferecemos servi\u00e7os de instala\u00e7\u00e3o e manuten\u00e7\u00e3o de Redes de Prote\u00e7\u00e3o, Telas Mosquiteiras e Concertinas, proporcionando tranquilidade [&hellip;]\" \/>\n<meta property=\"og:url\" content=\"https:\/\/grupotopredes.com.br\/mg\/?page_id=24\" \/>\n<meta property=\"og:site_name\" content=\"LLS GRUPO TOP SERVI\u00c7OS\" \/>\n<meta property=\"article:modified_time\" content=\"2024-03-25T14:17:06+00:00\" \/>\n<meta property=\"og:image\" content=\"https:\/\/grupotopredes.com.br\/mg\/wp-content\/uploads\/2019\/12\/04-1-1.jpg\" \/>\n\t<meta property=\"og:image:width\" content=\"1200\" \/>\n\t<meta property=\"og:image:height\" content=\"800\" \/>\n\t<meta property=\"og:image:type\" content=\"image\/jpeg\" \/>\n<meta name=\"twitter:card\" content=\"summary_large_image\" \/>\n<meta name=\"twitter:label1\" content=\"Est. tempo de leitura\" \/>\n\t<meta name=\"twitter:data1\" content=\"1 minuto\" \/>\n<script type=\"application\/ld+json\" class=\"yoast-schema-graph\">{\"@context\":\"https:\\\/\\\/schema.org\",\"@graph\":[{\"@type\":\"WebPage\",\"@id\":\"https:\\\/\\\/grupotopredes.com.br\\\/mg\\\/?page_id=24\",\"url\":\"https:\\\/\\\/grupotopredes.com.br\\\/mg\\\/?page_id=24\",\"name\":\"Quem Somos - LLS GRUPO TOP SERVI\u00c7OS\",\"isPartOf\":{\"@id\":\"https:\\\/\\\/grupotopredes.com.br\\\/mg\\\/#website\"},\"primaryImageOfPage\":{\"@id\":\"https:\\\/\\\/grupotopredes.com.br\\\/mg\\\/?page_id=24#primaryimage\"},\"image\":{\"@id\":\"https:\\\/\\\/grupotopredes.com.br\\\/mg\\\/?page_id=24#primaryimage\"},\"thumbnailUrl\":\"https:\\\/\\\/grupotopredes.com.br\\\/mg\\\/wp-content\\\/uploads\\\/2019\\\/12\\\/04-1-1.jpg\",\"datePublished\":\"2019-12-06T00:19:41+00:00\",\"dateModified\":\"2024-03-25T14:17:06+00:00\",\"breadcrumb\":{\"@id\":\"https:\\\/\\\/grupotopredes.com.br\\\/mg\\\/?page_id=24#breadcrumb\"},\"inLanguage\":\"pt-BR\",\"potentialAction\":[{\"@type\":\"ReadAction\",\"target\":[\"https:\\\/\\\/grupotopredes.com.br\\\/mg\\\/?page_id=24\"]}]},{\"@type\":\"ImageObject\",\"inLanguage\":\"pt-BR\",\"@id\":\"https:\\\/\\\/grupotopredes.com.br\\\/mg\\\/?page_id=24#primaryimage\",\"url\":\"https:\\\/\\\/grupotopredes.com.br\\\/mg\\\/wp-content\\\/uploads\\\/2019\\\/12\\\/04-1-1.jpg\",\"contentUrl\":\"https:\\\/\\\/grupotopredes.com.br\\\/mg\\\/wp-content\\\/uploads\\\/2019\\\/12\\\/04-1-1.jpg\",\"width\":1200,\"height\":800},{\"@type\":\"BreadcrumbList\",\"@id\":\"https:\\\/\\\/grupotopredes.com.br\\\/mg\\\/?page_id=24#breadcrumb\",\"itemListElement\":[{\"@type\":\"ListItem\",\"position\":1,\"name\":\"In\u00edcio\",\"item\":\"https:\\\/\\\/grupotopredes.com.br\\\/mg\\\/\"},{\"@type\":\"ListItem\",\"position\":2,\"name\":\"Quem Somos\"}]},{\"@type\":\"WebSite\",\"@id\":\"https:\\\/\\\/grupotopredes.com.br\\\/mg\\\/#website\",\"url\":\"https:\\\/\\\/grupotopredes.com.br\\\/mg\\\/\",\"name\":\"LLS GRUPO TOP SERVI\u00c7OS\",\"description\":\"Redes de Prote\u00e7\u00e3o, Tela Mosquiteiro e Concertinas\",\"potentialAction\":[{\"@type\":\"SearchAction\",\"target\":{\"@type\":\"EntryPoint\",\"urlTemplate\":\"https:\\\/\\\/grupotopredes.com.br\\\/mg\\\/?s={search_term_string}\"},\"query-input\":{\"@type\":\"PropertyValueSpecification\",\"valueRequired\":true,\"valueName\":\"search_term_string\"}}],\"inLanguage\":\"pt-BR\"}]}<\/script>\n<!-- \/ Yoast SEO plugin. -->","yoast_head_json":{"title":"Quem Somos - LLS GRUPO TOP SERVI\u00c7OS","robots":{"index":"index","follow":"follow","max-snippet":"max-snippet:-1","max-image-preview":"max-image-preview:large","max-video-preview":"max-video-preview:-1"},"canonical":"https:\/\/grupotopredes.com.br\/mg\/?page_id=24","og_locale":"pt_BR","og_type":"article","og_title":"Quem Somos - LLS GRUPO TOP SERVI\u00c7OS","og_description":"Nossa Miss\u00e3o \u00e9 proporcionar um servi\u00e7o de qualidade aos nossos clientes. Conhe\u00e7a um pouco mais sobre nos Conhe\u00e7a o LLS Grupo Top Servi\u00e7os No LLS Grupo Top Servi\u00e7os, somos especialistas em prote\u00e7\u00e3o e seguran\u00e7a para resid\u00eancias, empresas e condom\u00ednios. Oferecemos servi\u00e7os de instala\u00e7\u00e3o e manuten\u00e7\u00e3o de Redes de Prote\u00e7\u00e3o, Telas Mosquiteiras e Concertinas, proporcionando tranquilidade [&hellip;]","og_url":"https:\/\/grupotopredes.com.br\/mg\/?page_id=24","og_site_name":"LLS GRUPO TOP SERVI\u00c7OS","article_modified_time":"2024-03-25T14:17:06+00:00","og_image":[{"width":1200,"height":800,"url":"https:\/\/grupotopredes.com.br\/mg\/wp-content\/uploads\/2019\/12\/04-1-1.jpg","type":"image\/jpeg"}],"twitter_card":"summary_large_image","twitter_misc":{"Est. tempo de leitura":"1 minuto"},"schema":{"@context":"https:\/\/schema.org","@graph":[{"@type":"WebPage","@id":"https:\/\/grupotopredes.com.br\/mg\/?page_id=24","url":"https:\/\/grupotopredes.com.br\/mg\/?page_id=24","name":"Quem Somos - LLS GRUPO TOP SERVI\u00c7OS","isPartOf":{"@id":"https:\/\/grupotopredes.com.br\/mg\/#website"},"primaryImageOfPage":{"@id":"https:\/\/grupotopredes.com.br\/mg\/?page_id=24#primaryimage"},"image":{"@id":"https:\/\/grupotopredes.com.br\/mg\/?page_id=24#primaryimage"},"thumbnailUrl":"https:\/\/grupotopredes.com.br\/mg\/wp-content\/uploads\/2019\/12\/04-1-1.jpg","datePublished":"2019-12-06T00:19:41+00:00","dateModified":"2024-03-25T14:17:06+00:00","breadcrumb":{"@id":"https:\/\/grupotopredes.com.br\/mg\/?page_id=24#breadcrumb"},"inLanguage":"pt-BR","potentialAction":[{"@type":"ReadAction","target":["https:\/\/grupotopredes.com.br\/mg\/?page_id=24"]}]},{"@type":"ImageObject","inLanguage":"pt-BR","@id":"https:\/\/grupotopredes.com.br\/mg\/?page_id=24#primaryimage","url":"https:\/\/grupotopredes.com.br\/mg\/wp-content\/uploads\/2019\/12\/04-1-1.jpg","contentUrl":"https:\/\/grupotopredes.com.br\/mg\/wp-content\/uploads\/2019\/12\/04-1-1.jpg","width":1200,"height":800},{"@type":"BreadcrumbList","@id":"https:\/\/grupotopredes.com.br\/mg\/?page_id=24#breadcrumb","itemListElement":[{"@type":"ListItem","position":1,"name":"In\u00edcio","item":"https:\/\/grupotopredes.com.br\/mg\/"},{"@type":"ListItem","position":2,"name":"Quem Somos"}]},{"@type":"WebSite","@id":"https:\/\/grupotopredes.com.br\/mg\/#website","url":"https:\/\/grupotopredes.com.br\/mg\/","name":"LLS GRUPO TOP SERVI\u00c7OS","description":"Redes de Prote\u00e7\u00e3o, Tela Mosquiteiro e Concertinas","potentialAction":[{"@type":"SearchAction","target":{"@type":"EntryPoint","urlTemplate":"https:\/\/grupotopredes.com.br\/mg\/?s={search_term_string}"},"query-input":{"@type":"PropertyValueSpecification","valueRequired":true,"valueName":"search_term_string"}}],"inLanguage":"pt-BR"}]}},"_links":{"self":[{"href":"https:\/\/grupotopredes.com.br\/mg\/index.php?rest_route=\/wp\/v2\/pages\/24","targetHints":{"allow":["GET"]}}],"collection":[{"href":"https:\/\/grupotopredes.com.br\/mg\/index.php?rest_route=\/wp\/v2\/pages"}],"about":[{"href":"https:\/\/grupotopredes.com.br\/mg\/index.php?rest_route=\/wp\/v2\/types\/page"}],"author":[{"embeddable":true,"href":"https:\/\/grupotopredes.com.br\/mg\/index.php?rest_route=\/wp\/v2\/users\/1"}],"replies":[{"embeddable":true,"href":"https:\/\/grupotopredes.com.br\/mg\/index.php?rest_route=%2Fwp%2Fv2%2Fcomments&post=24"}],"version-history":[{"count":34,"href":"https:\/\/grupotopredes.com.br\/mg\/index.php?rest_route=\/wp\/v2\/pages\/24\/revisions"}],"predecessor-version":[{"id":5616,"href":"https:\/\/grupotopredes.com.br\/mg\/index.php?rest_route=\/wp\/v2\/pages\/24\/revisions\/5616"}],"wp:featuredmedia":[{"embeddable":true,"href":"https:\/\/grupotopredes.com.br\/mg\/index.php?rest_route=\/wp\/v2\/media\/797"}],"wp:attachment":[{"href":"https:\/\/grupotopredes.com.br\/mg\/index.php?rest_route=%2Fwp%2Fv2%2Fmedia&parent=24"}],"curies":[{"name":"wp","href":"https:\/\/api.w.org\/{rel}","templated":true}]}}